{"id":107,"date":"2017-06-30T17:40:08","date_gmt":"2017-06-30T15:40:08","guid":{"rendered":"http:\/\/wp2017.gebogene-kanarienrassen.de\/?page_id=107"},"modified":"2026-03-11T18:41:31","modified_gmt":"2026-03-11T17:41:31","slug":"links","status":"publish","type":"page","link":"https:\/\/wp2017.gebogene-kanarienrassen.de\/?page_id=107","title":{"rendered":"Links"},"content":{"rendered":"<p><b>Wir sind regelm\u00e4\u00dfig im Internet unterwegs und auf der Suche nach neuen Webseiten. Hier findet man unsere Linksammlung, die wir mit Sorgfalt f\u00fcr Sie zusammengestellt haben.<\/b><\/p>\n<p>&nbsp;<\/p>\n<p><em><strong>Bitte jeweils auf das Vereinsemblem klicken!<\/strong><\/em><\/p>\n<p>&nbsp;<\/p>\n<p><span style=\"color: #0000ff;\"><strong>Dachorganisationen<\/strong><\/span><\/p>\n<p><b><a href=\"http:\/\/www.comdeutschland.de\/\" target=\"neu\"><img loading=\"lazy\" decoding=\"async\" class=\"alignnone wp-image-464\" src=\"https:\/\/wp2017.gebogene-kanarienrassen.de\/wp-content\/uploads\/2021\/04\/com_deutschland.jpg\" alt=\"\" width=\"74\" height=\"62\" srcset=\"https:\/\/wp2017.gebogene-kanarienrassen.de\/wp-content\/uploads\/2021\/04\/com_deutschland.jpg 263w, https:\/\/wp2017.gebogene-kanarienrassen.de\/wp-content\/uploads\/2021\/04\/com_deutschland-150x125.jpg 150w\" sizes=\"auto, (max-width: 74px) 100vw, 74px\" \/> <\/a><\/b><strong>C.O.M. Deutschland<\/strong><\/p>\n<p>Die offizielle Webseite der C.O.M. Deutschland ! Hier finden sich alle wichtigen Informationen in deutscher Sprache.<\/p>\n<p>&nbsp;<\/p>\n<p><b><a href=\"http:\/\/www.dkb-online.de\" target=\"neu\"><img loading=\"lazy\" decoding=\"async\" class=\"alignnone wp-image-461\" src=\"https:\/\/wp2017.gebogene-kanarienrassen.de\/wp-content\/uploads\/2021\/04\/DKB.jpg\" alt=\"\" width=\"82\" height=\"86\" srcset=\"https:\/\/wp2017.gebogene-kanarienrassen.de\/wp-content\/uploads\/2021\/04\/DKB.jpg 260w, https:\/\/wp2017.gebogene-kanarienrassen.de\/wp-content\/uploads\/2021\/04\/DKB-144x150.jpg 144w\" sizes=\"auto, (max-width: 82px) 100vw, 82px\" \/> \u00a0<\/a><\/b><strong>Deutscher Kanarien- und Vogelz\u00fcchter-Bundes e. V.<\/strong><\/p>\n<p>Der DKB als gro\u00dfe Z\u00fcchterorganisation besteht aus 32 Landesverb\u00e4nden mit etwa zwanzigtausend organisierten Vogelz\u00fcchtern. Mit seinen verschiedenen Fachgruppen betreut der DKB nahezu den gesamten Bereich der in Z\u00fcchterhand gehaltenen und gez\u00fcchteten Vogelarten und Rassen. Von Gesangskanarien \u00fcber Farben- und Positurkanarien bis hin zu Mischlingen, Cardueliden Finken und Europ\u00e4ern reicht die Artenvielfalt, ebenso wie die farbenfrohe Palette der Wellensittiche, Gro\u00dfsittiche, Papageien und Exoten. Die organisierten Vogelz\u00fcchter legen gro\u00dfen Wert auf artgerechte Haltung und Pflege der ihnen anvertrauten Vogelarten&#8230;<\/p>\n<p>&nbsp;<\/p>\n<p><b><a href=\"https:\/\/www.azvogelzucht.de\/\" target=\"neu\"><img loading=\"lazy\" decoding=\"async\" class=\"alignnone wp-image-463\" src=\"https:\/\/wp2017.gebogene-kanarienrassen.de\/wp-content\/uploads\/2021\/04\/az.jpg\" alt=\"\" width=\"72\" height=\"72\" srcset=\"https:\/\/wp2017.gebogene-kanarienrassen.de\/wp-content\/uploads\/2021\/04\/az.jpg 150w, https:\/\/wp2017.gebogene-kanarienrassen.de\/wp-content\/uploads\/2021\/04\/az-80x80.jpg 80w\" sizes=\"auto, (max-width: 72px) 100vw, 72px\" \/> \u00a0<\/a><\/b><strong>Vereinigung f\u00fcr Artenschutz, Vogelhaltung und Vogelzucht (AZ) e.V.<\/strong><\/p>\n<p>Die Vereinigung f\u00fcr Zucht und Erhaltung einheimischer und fremdl\u00e4ndischer V\u00f6gel e. Vereinigung f\u00fcr Zucht und Erhaltung einheimischer und fremdl\u00e4ndischer V\u00f6gel e. V. (VZE) (VZE) ist ein Zusammenschlu\u00df von Vogelz\u00fcchtern, Vogelhaltern und ornithologisch Interessierten. Die VZE gilt f\u00fcr genau diese Menschen als Anlaufstelle. Wir sind bem\u00fcht die oftmals erw\u00e4hnte Barriere zwischen Vogelz\u00fcchtern und den Menschen, die ihre Tiere vornehmlich zur Ablenkung von dem h\u00e4ufig zu hektischen Alltagsstress in der Wohnung pflegen, zu beseitigen.<\/p>\n<p>&nbsp;<\/p>\n<p><strong><a href=\"https:\/\/www.nbvv.nl\/\" target=\"neu\"> <img loading=\"lazy\" decoding=\"async\" class=\"alignnone wp-image-467\" src=\"https:\/\/wp2017.gebogene-kanarienrassen.de\/wp-content\/uploads\/2021\/04\/logo_nl.png\" alt=\"\" width=\"82\" height=\"42\" srcset=\"https:\/\/wp2017.gebogene-kanarienrassen.de\/wp-content\/uploads\/2021\/04\/logo_nl.png 157w, https:\/\/wp2017.gebogene-kanarienrassen.de\/wp-content\/uploads\/2021\/04\/logo_nl-150x76.png 150w\" sizes=\"auto, (max-width: 82px) 100vw, 82px\" \/><\/a>\u00a0 Nederlandse Bond van Vogelliefhebbers<\/strong><\/p>\n<p>Die Webseite von Nederlandse Bond van Vogelliefhebbers. Das ist der niederl\u00e4ndische Dachverband. Die Webseite ist in niederl\u00e4ndischer Sprache abgefasst.<\/p>\n<p>&nbsp;<\/p>\n<p><span style=\"color: #0000ff;\"><strong>Vogelvereine<\/strong><\/span><\/p>\n<p><b><a href=\"https:\/\/www.kanaria1882-kassel.de\/\" target=\"neu\"><img loading=\"lazy\" decoding=\"async\" class=\"alignnone wp-image-476\" src=\"https:\/\/wp2017.gebogene-kanarienrassen.de\/wp-content\/uploads\/2021\/04\/kassel-300x289.jpg\" alt=\"\" width=\"85\" height=\"82\" srcset=\"https:\/\/wp2017.gebogene-kanarienrassen.de\/wp-content\/uploads\/2021\/04\/kassel-300x289.jpg 300w, https:\/\/wp2017.gebogene-kanarienrassen.de\/wp-content\/uploads\/2021\/04\/kassel-150x145.jpg 150w, https:\/\/wp2017.gebogene-kanarienrassen.de\/wp-content\/uploads\/2021\/04\/kassel.jpg 313w\" sizes=\"auto, (max-width: 85px) 100vw, 85px\" \/> \u00a0<\/a><\/b><strong>Vogelzuchtverein &#8222;Kanaria 1882 Kassel u. Umgebung<\/strong><\/p>\n<p>Hier pr\u00e4sentiert sich der Vogelzuchtverein &#8222;Kanaria 1882 Kassel u. Umgebung&#8220;. Die Webseite ist in dt. Sprache.<\/p>\n<p>&nbsp;<\/p>\n<p><a href=\"http:\/\/vogelverein.blogspot.com\/\" target=\"neu\"><b><img loading=\"lazy\" decoding=\"async\" class=\"alignnone size-medium wp-image-477\" src=\"https:\/\/wp2017.gebogene-kanarienrassen.de\/wp-content\/uploads\/2021\/04\/kuenzell-300x53.png\" alt=\"\" width=\"300\" height=\"53\" srcset=\"https:\/\/wp2017.gebogene-kanarienrassen.de\/wp-content\/uploads\/2021\/04\/kuenzell-300x53.png 300w, https:\/\/wp2017.gebogene-kanarienrassen.de\/wp-content\/uploads\/2021\/04\/kuenzell-1024x183.png 1024w, https:\/\/wp2017.gebogene-kanarienrassen.de\/wp-content\/uploads\/2021\/04\/kuenzell-150x27.png 150w, https:\/\/wp2017.gebogene-kanarienrassen.de\/wp-content\/uploads\/2021\/04\/kuenzell-768x137.png 768w, https:\/\/wp2017.gebogene-kanarienrassen.de\/wp-content\/uploads\/2021\/04\/kuenzell.png 1380w\" sizes=\"auto, (max-width: 300px) 100vw, 300px\" \/><\/b><\/a><\/p>\n<p><strong>Vogelschutz- u. Vogelliebhaberverein Florenberg e.V.<\/strong><\/p>\n<p>Hier m\u00f6chte sich der Verein, und seine Arbeit vorstellen. Mitglieder und Interessierte finden weiterhin hier die wichtigsten Termine, aber auch den ein oder anderen Bericht oder Anregung zu einem attraktiven Vereinsleben. Auch wir haben einige Seiten, die wir Kindern gewidmet haben.<\/p>\n<p>&nbsp;<\/p>\n<p><a href=\"https:\/\/vogelverein-portawestfalica.de\/\" target=\"neu\"><b><img loading=\"lazy\" decoding=\"async\" class=\"alignnone size-medium wp-image-478\" src=\"https:\/\/wp2017.gebogene-kanarienrassen.de\/wp-content\/uploads\/2021\/04\/ornis-porta-300x90.png\" alt=\"\" width=\"300\" height=\"90\" srcset=\"https:\/\/wp2017.gebogene-kanarienrassen.de\/wp-content\/uploads\/2021\/04\/ornis-porta-300x90.png 300w, https:\/\/wp2017.gebogene-kanarienrassen.de\/wp-content\/uploads\/2021\/04\/ornis-porta-150x45.png 150w, https:\/\/wp2017.gebogene-kanarienrassen.de\/wp-content\/uploads\/2021\/04\/ornis-porta.png 400w\" sizes=\"auto, (max-width: 300px) 100vw, 300px\" \/><\/b><\/a><\/p>\n<p><strong>Vogelzucht- und Liebhaberverein ORNIS-Porta Westfalica e.V.<\/strong><\/p>\n<p>Schauen sie sich auf den informativen Seiten des Vereines einmal an, es lohnt sich.<\/p>\n<p>&nbsp;<\/p>\n<p><b><a href=\"https:\/\/www.meijels-pracht.nl\/\" target=\"neu\"><img loading=\"lazy\" decoding=\"async\" class=\"alignnone wp-image-479\" src=\"https:\/\/wp2017.gebogene-kanarienrassen.de\/wp-content\/uploads\/2021\/04\/meijel.jpg\" alt=\"\" width=\"89\" height=\"89\" srcset=\"https:\/\/wp2017.gebogene-kanarienrassen.de\/wp-content\/uploads\/2021\/04\/meijel.jpg 291w, https:\/\/wp2017.gebogene-kanarienrassen.de\/wp-content\/uploads\/2021\/04\/meijel-150x150.jpg 150w, https:\/\/wp2017.gebogene-kanarienrassen.de\/wp-content\/uploads\/2021\/04\/meijel-80x80.jpg 80w\" sizes=\"auto, (max-width: 89px) 100vw, 89px\" \/> \u00a0<\/a><\/b><strong>Vogelvereniging &#8222;Meijels Pracht&#8220;<\/strong><\/p>\n<p>Die Infowebseite des Vogelvereins Meijels Pracht. Der Verein war schon sehr oft Ausrichter unserer Spezialschau. Die Webseite ist in niederl\u00e4ndischer Sprache.<\/p>\n<p>&nbsp;<\/p>\n<p>Alle diese Vereine haben unsere Spezialschau schon einmal oder mehrmals ausgetragen.<\/p>\n<p>&nbsp;<\/p>\n<p><span style=\"color: #0000ff;\"><strong>andere Interessengemeinschaften<\/strong><\/span><\/p>\n<p><b><a href=\"http:\/\/www.ig-raza-espanola.de\" target=\"neu\"><img loading=\"lazy\" decoding=\"async\" class=\"alignnone wp-image-469\" src=\"https:\/\/wp2017.gebogene-kanarienrassen.de\/wp-content\/uploads\/2021\/04\/igraza-300x164.jpg\" alt=\"\" width=\"102\" height=\"56\" srcset=\"https:\/\/wp2017.gebogene-kanarienrassen.de\/wp-content\/uploads\/2021\/04\/igraza-300x164.jpg 300w, https:\/\/wp2017.gebogene-kanarienrassen.de\/wp-content\/uploads\/2021\/04\/igraza-150x82.jpg 150w, https:\/\/wp2017.gebogene-kanarienrassen.de\/wp-content\/uploads\/2021\/04\/igraza.jpg 640w\" sizes=\"auto, (max-width: 102px) 100vw, 102px\" \/> \u00a0<\/a><\/b><strong>IG Raza Espanola<\/strong><\/p>\n<p>&nbsp;<\/p>\n<p><b><a href=\"http:\/\/www.frise-freunde.de\" target=\"neu\"><img loading=\"lazy\" decoding=\"async\" class=\"alignnone wp-image-471\" src=\"https:\/\/wp2017.gebogene-kanarienrassen.de\/wp-content\/uploads\/2021\/04\/frise.jpg\" alt=\"\" width=\"73\" height=\"60\" srcset=\"https:\/\/wp2017.gebogene-kanarienrassen.de\/wp-content\/uploads\/2021\/04\/frise.jpg 280w, https:\/\/wp2017.gebogene-kanarienrassen.de\/wp-content\/uploads\/2021\/04\/frise-150x124.jpg 150w\" sizes=\"auto, (max-width: 73px) 100vw, 73px\" \/> \u00a0<\/a><\/b><strong>Fris\u00e9 Freunde<\/strong><\/p>\n<p>&nbsp;<\/p>\n<p><b><a href=\"http:\/\/www.bfcd.info\" target=\"neu\"><img loading=\"lazy\" decoding=\"async\" class=\"alignnone wp-image-472\" src=\"https:\/\/wp2017.gebogene-kanarienrassen.de\/wp-content\/uploads\/2021\/04\/bfcdlogo.gif\" alt=\"\" width=\"70\" height=\"55\" \/> \u00a0<\/a><\/b><strong>Border &amp; Fife Club Deutschland<\/strong><\/p>\n<p>&nbsp;<\/p>\n<p><span style=\"font-size: 0.95em;\">Gerne verlinken wir auch die Webseiten unserer Mitglieder oder andere Vogelvereine \/ Interessengemeinschaften auf Wunsch. Bitte nehmen Sie f\u00fcr entsprechende W\u00fcnsche mit uns Kontakt auf.<\/span><\/p>\n<hr \/>\n<p>Stand 2026<\/p>\n","protected":false},"excerpt":{"rendered":"<p>Wir sind regelm\u00e4\u00dfig im Internet unterwegs und auf der Suche nach neuen Webseiten. Hier findet man unsere Linksammlung, die wir mit Sorgfalt f\u00fcr Sie zusammengestellt haben. &nbsp; Bitte jeweils auf das Vereinsemblem klicken! &nbsp; Dachorganisationen C.O.M. Deutschland Die offizielle Webseite der C.O.M. Deutschland ! Hier finden sich alle wichtigen Informationen in deutscher Sprache. &nbsp; \u00a0Deutscher Kanarien- und Vogelz\u00fcchter-Bundes e. V.<\/p>\n","protected":false},"author":1,"featured_media":0,"parent":0,"menu_order":0,"comment_status":"closed","ping_status":"closed","template":"","meta":{"footnotes":""},"class_list":["post-107","page","type-page","status-publish","hentry"],"_links":{"self":[{"href":"https:\/\/wp2017.gebogene-kanarienrassen.de\/index.php?rest_route=\/wp\/v2\/pages\/107","targetHints":{"allow":["GET"]}}],"collection":[{"href":"https:\/\/wp2017.gebogene-kanarienrassen.de\/index.php?rest_route=\/wp\/v2\/pages"}],"about":[{"href":"https:\/\/wp2017.gebogene-kanarienrassen.de\/index.php?rest_route=\/wp\/v2\/types\/page"}],"author":[{"embeddable":true,"href":"https:\/\/wp2017.gebogene-kanarienrassen.de\/index.php?rest_route=\/wp\/v2\/users\/1"}],"replies":[{"embeddable":true,"href":"https:\/\/wp2017.gebogene-kanarienrassen.de\/index.php?rest_route=%2Fwp%2Fv2%2Fcomments&post=107"}],"version-history":[{"count":10,"href":"https:\/\/wp2017.gebogene-kanarienrassen.de\/index.php?rest_route=\/wp\/v2\/pages\/107\/revisions"}],"predecessor-version":[{"id":905,"href":"https:\/\/wp2017.gebogene-kanarienrassen.de\/index.php?rest_route=\/wp\/v2\/pages\/107\/revisions\/905"}],"wp:attachment":[{"href":"https:\/\/wp2017.gebogene-kanarienrassen.de\/index.php?rest_route=%2Fwp%2Fv2%2Fmedia&parent=107"}],"curies":[{"name":"wp","href":"https:\/\/api.w.org\/{rel}","templated":true}]}}