{"id":156,"date":"2018-09-21T20:43:39","date_gmt":"2018-09-21T18:43:39","guid":{"rendered":"http:\/\/wp2017.gebogene-kanarienrassen.de\/?page_id=156"},"modified":"2026-02-25T21:04:47","modified_gmt":"2026-02-25T20:04:47","slug":"formulare","status":"publish","type":"page","link":"https:\/\/wp2017.gebogene-kanarienrassen.de\/?page_id=156","title":{"rendered":"Formulare"},"content":{"rendered":"<p>Auf dieser Seite sind alle Formulare hinterlegt, die wir in unserer IG ben\u00f6tigen.<\/p>\n<p><span style=\"color: #ff0000;\"><strong>1. Mitgliedschaft<\/strong><\/span><\/p>\n<p><a href=\"https:\/\/wp2017.gebogene-kanarienrassen.de\/wp-content\/uploads\/2021\/02\/Aufnahmeantrag_IG_NEU_ausfuellbarpdf.pdf\"><strong>Mitglied werden<\/strong><\/a><\/p>\n<p>Habt Ihr Interesse an unserer IG ? Dann werdet doch bei uns Mitglied! Hierzu m\u00fcsst Ihr nur dieses Formular ausdrucken, ausf\u00fcllen und an uns senden. Bitte beachtet alle Punkte des Formulars, auch zum Datenschutz!<\/p>\n<p><span style=\"color: #ff0000;\"><strong>2. Ausstellung<\/strong><\/span><\/p>\n<p><a href=\"https:\/\/wp2017.gebogene-kanarienrassen.de\/wp-content\/uploads\/2021\/02\/anmeldung_ig_NEU_ausfuellbar.pdf\"><strong>Anmeldung V\u00f6gel Spezialschau<\/strong><\/a><\/p>\n<p>Bitte ausf\u00fcllen und per Mail oder per Post zusenden.<\/p>\n<p>Die Kontaktdaten sind auf dem Formular vermerkt.<\/p>\n<p><strong><a href=\"https:\/\/wp2017.gebogene-kanarienrassen.de\/wp-content\/uploads\/2026\/02\/2026_Schauklassen-neu-klasseindeling-2023.pdf\">Schauklasseneinteilung\u00a0<\/a><\/strong><span style=\"color: #000000;\"> (neue Einteilung ab 2026)<\/span><\/p>\n<p>&nbsp;<\/p>\n","protected":false},"excerpt":{"rendered":"<p>Auf dieser Seite sind alle Formulare hinterlegt, die wir in unserer IG ben\u00f6tigen. 1. Mitgliedschaft Mitglied werden Habt Ihr Interesse an unserer IG ? Dann werdet doch bei uns Mitglied! Hierzu m\u00fcsst Ihr nur dieses Formular ausdrucken, ausf\u00fcllen und an uns senden. Bitte beachtet alle Punkte des Formulars, auch zum Datenschutz! 2. Ausstellung Anmeldung V\u00f6gel Spezialschau Bitte ausf\u00fcllen und per<\/p>\n","protected":false},"author":1,"featured_media":0,"parent":154,"menu_order":1,"comment_status":"closed","ping_status":"closed","template":"","meta":{"footnotes":""},"class_list":["post-156","page","type-page","status-publish","hentry"],"_links":{"self":[{"href":"https:\/\/wp2017.gebogene-kanarienrassen.de\/index.php?rest_route=\/wp\/v2\/pages\/156","targetHints":{"allow":["GET"]}}],"collection":[{"href":"https:\/\/wp2017.gebogene-kanarienrassen.de\/index.php?rest_route=\/wp\/v2\/pages"}],"about":[{"href":"https:\/\/wp2017.gebogene-kanarienrassen.de\/index.php?rest_route=\/wp\/v2\/types\/page"}],"author":[{"embeddable":true,"href":"https:\/\/wp2017.gebogene-kanarienrassen.de\/index.php?rest_route=\/wp\/v2\/users\/1"}],"replies":[{"embeddable":true,"href":"https:\/\/wp2017.gebogene-kanarienrassen.de\/index.php?rest_route=%2Fwp%2Fv2%2Fcomments&post=156"}],"version-history":[{"count":11,"href":"https:\/\/wp2017.gebogene-kanarienrassen.de\/index.php?rest_route=\/wp\/v2\/pages\/156\/revisions"}],"predecessor-version":[{"id":895,"href":"https:\/\/wp2017.gebogene-kanarienrassen.de\/index.php?rest_route=\/wp\/v2\/pages\/156\/revisions\/895"}],"up":[{"embeddable":true,"href":"https:\/\/wp2017.gebogene-kanarienrassen.de\/index.php?rest_route=\/wp\/v2\/pages\/154"}],"wp:attachment":[{"href":"https:\/\/wp2017.gebogene-kanarienrassen.de\/index.php?rest_route=%2Fwp%2Fv2%2Fmedia&parent=156"}],"curies":[{"name":"wp","href":"https:\/\/api.w.org\/{rel}","templated":true}]}}