{"id":164,"date":"2018-09-21T20:40:34","date_gmt":"2018-09-21T18:40:34","guid":{"rendered":"http:\/\/wp2017.gebogene-kanarienrassen.de\/?page_id=164"},"modified":"2020-11-13T22:21:20","modified_gmt":"2020-11-13T21:21:20","slug":"informationen-archiv","status":"publish","type":"page","link":"https:\/\/wp2017.gebogene-kanarienrassen.de\/?page_id=164","title":{"rendered":"Informationen \u00fcber unsere Rassen"},"content":{"rendered":"<p><span style=\"color: #0000ff;\"><strong>Informationen vom DKB<\/strong><\/span><\/p>\n<ul>\n<li><a href=\"https:\/\/wp2017.gebogene-kanarienrassen.de\/wp-content\/uploads\/2018\/09\/dkb_bossu-belge.pdf\" target=\"_blank\" rel=\"noopener noreferrer\">KLICK HIER<\/a> &#8211; Der Bossu Belge<\/li>\n<li><a href=\"https:\/\/wp2017.gebogene-kanarienrassen.de\/wp-content\/uploads\/2018\/09\/dkb_scotch_d.pdf\" target=\"_blank\" rel=\"noopener noreferrer\">KLICK HIER<\/a> &#8211; Der Scotch Fancy<\/li>\n<li><a href=\"https:\/\/wp2017.gebogene-kanarienrassen.de\/wp-content\/uploads\/2018\/09\/dkb_muenchener_d.pdf\" target=\"_blank\" rel=\"noopener noreferrer\">KLICK HIER<\/a> &#8211; Der M\u00fcnchener Kanarienvogel (&#8222;M\u00fcnchener&#8220;)<\/li>\n<li><a href=\"https:\/\/wp2017.gebogene-kanarienrassen.de\/wp-content\/uploads\/2018\/09\/dkb_japanhoso.pdf\" target=\"_blank\" rel=\"noopener noreferrer\">KLICK HIER<\/a> &#8211; Der Japan Hoso<\/li>\n<li><a href=\"https:\/\/wp2017.gebogene-kanarienrassen.de\/wp-content\/uploads\/2018\/09\/dkb_rheinlaender_d_f.pdf\" target=\"_blank\" rel=\"noopener noreferrer\">KLICK HIER<\/a> &#8211; Der Rheinl\u00e4nder<\/li>\n<\/ul>\n<p>F\u00fcr Informationen des DKB gilt folgendes:<\/p>\n<ol>\n<li>Alle Beitr\u00e4ge unterliegen dem Urheberrecht und sind nur f\u00fcr den eigenen Gebrauch &#8211; im Rahmen der Vereins- und LV-Aktivit\u00e4ten bestimmt.<\/li>\n<li>Die Inhalte d\u00fcrfen nicht ver\u00e4ndert oder weiter gegeben werden.<\/li>\n<\/ol>\n<p><strong><span style=\"color: #0000ff;\">Informationen &amp; Berichte von Mitgliedern:<\/span><\/strong><\/p>\n<ul>\n<li><a href=\"https:\/\/wp2017.gebogene-kanarienrassen.de\/wp-content\/uploads\/2018\/09\/berich_ber_die_ig.pdf\" target=\"_blank\" rel=\"noopener noreferrer\">KLICK HIER<\/a> &#8211; \u00dcber die Interessengemeinschaft von Wilfried Wulf<\/li>\n<li><a href=\"https:\/\/wp2017.gebogene-kanarienrassen.de\/wp-content\/uploads\/2018\/09\/bericht_fritz_emrich_01.pdf\" target=\"_blank\" rel=\"noopener noreferrer\">KLICK HIER<\/a> &#8211; Pro Gebogene Glatt Befiederte Positurkanarienrassen von Fritz Emrich<\/li>\n<\/ul>\n<p>Das Copyright (\u00a9) liegt bei den jeweiligen Autoren. Sollten Sie Texte oder Bilder verwenden wollen, fragen Sie bitte schriftlich direkt bei den Autoren nach.<\/p>\n","protected":false},"excerpt":{"rendered":"<p>Informationen vom DKB KLICK HIER &#8211; Der Bossu Belge KLICK HIER &#8211; Der Scotch Fancy KLICK HIER &#8211; Der M\u00fcnchener Kanarienvogel (&#8222;M\u00fcnchener&#8220;) KLICK HIER &#8211; Der Japan Hoso KLICK HIER &#8211; Der Rheinl\u00e4nder F\u00fcr Informationen des DKB gilt folgendes: Alle Beitr\u00e4ge unterliegen dem Urheberrecht und sind nur f\u00fcr den eigenen Gebrauch &#8211; im Rahmen der Vereins- und LV-Aktivit\u00e4ten bestimmt. Die<\/p>\n","protected":false},"author":1,"featured_media":0,"parent":154,"menu_order":3,"comment_status":"closed","ping_status":"closed","template":"","meta":{"footnotes":""},"class_list":["post-164","page","type-page","status-publish","hentry"],"_links":{"self":[{"href":"https:\/\/wp2017.gebogene-kanarienrassen.de\/index.php?rest_route=\/wp\/v2\/pages\/164","targetHints":{"allow":["GET"]}}],"collection":[{"href":"https:\/\/wp2017.gebogene-kanarienrassen.de\/index.php?rest_route=\/wp\/v2\/pages"}],"about":[{"href":"https:\/\/wp2017.gebogene-kanarienrassen.de\/index.php?rest_route=\/wp\/v2\/types\/page"}],"author":[{"embeddable":true,"href":"https:\/\/wp2017.gebogene-kanarienrassen.de\/index.php?rest_route=\/wp\/v2\/users\/1"}],"replies":[{"embeddable":true,"href":"https:\/\/wp2017.gebogene-kanarienrassen.de\/index.php?rest_route=%2Fwp%2Fv2%2Fcomments&post=164"}],"version-history":[{"count":6,"href":"https:\/\/wp2017.gebogene-kanarienrassen.de\/index.php?rest_route=\/wp\/v2\/pages\/164\/revisions"}],"predecessor-version":[{"id":299,"href":"https:\/\/wp2017.gebogene-kanarienrassen.de\/index.php?rest_route=\/wp\/v2\/pages\/164\/revisions\/299"}],"up":[{"embeddable":true,"href":"https:\/\/wp2017.gebogene-kanarienrassen.de\/index.php?rest_route=\/wp\/v2\/pages\/154"}],"wp:attachment":[{"href":"https:\/\/wp2017.gebogene-kanarienrassen.de\/index.php?rest_route=%2Fwp%2Fv2%2Fmedia&parent=164"}],"curies":[{"name":"wp","href":"https:\/\/api.w.org\/{rel}","templated":true}]}}