{"id":2,"date":"2017-05-30T14:40:32","date_gmt":"2017-05-30T12:40:32","guid":{"rendered":"http:\/\/wp2017.gebogene-kanarienrassen.de\/?page_id=2"},"modified":"2026-03-11T18:47:17","modified_gmt":"2026-03-11T17:47:17","slug":"sample-page","status":"publish","type":"page","link":"https:\/\/wp2017.gebogene-kanarienrassen.de\/","title":{"rendered":"Startseite"},"content":{"rendered":"<p><strong>Den Bericht \u00fcber unsere IG-Spezialschau 2025 in Minden findet Ihr unter &#8222;Aktuelles&#8220;, das Protokoll der Hauptversammlung unter &#8222;Service&#8220;.<\/strong><\/p>\n<p>&nbsp;<\/p>\n<p>Die Interessegemeinschaft der glatt befiederten Figurenkanarien e.V.\u00a0 ist eine Gruppe von Z\u00fcchtern, die sich der Pflege und der Zucht der Kanarienrassen Bossu Belge, Scotch Fancy, M\u00fcnchener, Japan Hoso und Rheinl\u00e4nder im Besonderen widmet. Alle anderen zugelassenen glattbefiederten Figurenkanarien finden bei uns jedoch auch eine Heimat.<\/p>\n<p>Wir sehen uns aber auch als eine Art &#8222;Sammelbecken&#8220; f\u00fcr Erfahrung und Wissen in dem Spezialbereich der sogenannten &#8222;Figurenkanarien&#8220; innerhalb der Kanarienkunde.<\/p>\n<h5><\/h5>\n<p>Wir sind alle begeistert, doch Begeisterung braucht die Gemeinschaft ! Die Herkunft der Mitglieder beschr\u00e4nkt sich deshalb nicht nur auf Deutschland, sondern mittlerweile auch aus den Nachbarl\u00e4ndern Belgien und den Niederlanden.<\/p>\n<p>Der gekonnte Umgang mit einer Tierrasse braucht die praktische Anleitung der Erfahrung. Hier findet Ihr mit unserer Webseite eine erste Anlaufstelle, auf der Ihr Euch informieren k\u00f6nnen.<\/p>\n<p>Na, neugierig geworden ?<\/p>\n<p>Dann w\u00fcnschen wir Euch nun viel Spa\u00df beim Lesen dieser Seiten. Wenn Ihr Fragen habt, dann scheuet Euch sich nicht, uns eine Email zu senden.<\/p>\n","protected":false},"excerpt":{"rendered":"<p>Den Bericht \u00fcber unsere IG-Spezialschau 2025 in Minden findet Ihr unter &#8222;Aktuelles&#8220;, das Protokoll der Hauptversammlung unter &#8222;Service&#8220;. &nbsp; Die Interessegemeinschaft der glatt befiederten Figurenkanarien e.V.\u00a0 ist eine Gruppe von Z\u00fcchtern, die sich der Pflege und der Zucht der Kanarienrassen Bossu Belge, Scotch Fancy, M\u00fcnchener, Japan Hoso und Rheinl\u00e4nder im Besonderen widmet. Alle anderen zugelassenen glattbefiederten Figurenkanarien finden bei uns<\/p>\n","protected":false},"author":1,"featured_media":0,"parent":0,"menu_order":1,"comment_status":"closed","ping_status":"open","template":"","meta":{"footnotes":""},"class_list":["post-2","page","type-page","status-publish","hentry"],"_links":{"self":[{"href":"https:\/\/wp2017.gebogene-kanarienrassen.de\/index.php?rest_route=\/wp\/v2\/pages\/2","targetHints":{"allow":["GET"]}}],"collection":[{"href":"https:\/\/wp2017.gebogene-kanarienrassen.de\/index.php?rest_route=\/wp\/v2\/pages"}],"about":[{"href":"https:\/\/wp2017.gebogene-kanarienrassen.de\/index.php?rest_route=\/wp\/v2\/types\/page"}],"author":[{"embeddable":true,"href":"https:\/\/wp2017.gebogene-kanarienrassen.de\/index.php?rest_route=\/wp\/v2\/users\/1"}],"replies":[{"embeddable":true,"href":"https:\/\/wp2017.gebogene-kanarienrassen.de\/index.php?rest_route=%2Fwp%2Fv2%2Fcomments&post=2"}],"version-history":[{"count":11,"href":"https:\/\/wp2017.gebogene-kanarienrassen.de\/index.php?rest_route=\/wp\/v2\/pages\/2\/revisions"}],"predecessor-version":[{"id":907,"href":"https:\/\/wp2017.gebogene-kanarienrassen.de\/index.php?rest_route=\/wp\/v2\/pages\/2\/revisions\/907"}],"wp:attachment":[{"href":"https:\/\/wp2017.gebogene-kanarienrassen.de\/index.php?rest_route=%2Fwp%2Fv2%2Fmedia&parent=2"}],"curies":[{"name":"wp","href":"https:\/\/api.w.org\/{rel}","templated":true}]}}