{"id":76,"date":"2017-06-30T17:19:40","date_gmt":"2017-06-30T15:19:40","guid":{"rendered":"http:\/\/wp2017.gebogene-kanarienrassen.de\/?page_id=76"},"modified":"2021-04-18T14:33:36","modified_gmt":"2021-04-18T12:33:36","slug":"ueber-uns","status":"publish","type":"page","link":"https:\/\/wp2017.gebogene-kanarienrassen.de\/?page_id=76","title":{"rendered":"Die Interessengemeinschaft"},"content":{"rendered":"<div class=\"article-content\">\n<div>Grundsatz: Der enorme Anstieg der Artenzahl, sowie die gewachsene Vielfalt an Rassen und Schl\u00e4gen der in Menschenobhut lebenden V\u00f6gel, gebietet eine interessierte und stets neugierige Hinwendung um erw\u00e4hlten Vogelgesch\u00f6pf \u2013 verbunden mit einer moralisch-ethisch begr\u00fcndeten Pflicht zum Wohlergehen des Tieres in gezielter Blickrichtung seiner Zucht; das hei\u00dft gesunde Vitalit\u00e4t in fortlaufender Generationenfolge. Das Fachwort hei\u00dft: Lenkung der Keimbahn in Zielrichtung des jeweiligen Standards.<\/div>\n<div><\/div>\n<div>Der \u201eCodex pro natura\u201c des DKB ist uns Verpflichtung, denn alle f\u00fcnf betreuten Rassen sind im Vollbesitz aller biologischen Funktionen, die zur Fortpflanzung von der Ursprungsart her angeboren sind.<\/div>\n<div><\/div>\n<div>Wer uns die eigent\u00fcmliche aufgerichtete und durch Muskelwirkung mehr oder minder gebogene Haltung f\u00fcr eine Art Zwang oder Qual f\u00fcr das Rassegesch\u00f6pf h\u00e4lt, wei\u00df zu wenig von der Lebensart und dem Verhaltensmuster der jeweiligen Kanarienrasse, von denen die belgische fast dreihundert Jahre besteht, die schottische etwa zweihundert Jahre.<\/div>\n<div><\/div>\n<div>M\u00fcnchener, Japan Hoso und Rheinl\u00e4nder sind zwar nicht so alt, doch aus eigener jahrelanger Erfahrung als Z\u00fcchter wie Aussteller kann ich versichern, dass gerade diese j\u00fcngeren, aus zuvor bestehenden Ahnen hervorgegangene Sch\u00f6pfung, sich ganz besonders durch ihre Lebenskraft und Zuchtwilligkeit im Jahreslauf auszeichnen.<\/div>\n<div><\/div>\n<div>Unsere Beweggr\u00fcnde und Ziele als IG der glatt befiederten Figurenkanarien fasse ich in f\u00fcnf Leits\u00e4tze zusammen:<\/div>\n<ol>\n<li>\u00a0Alle Liebhaber(innen) und interessierte Vogelfreunde(innen), die ernsthaft ihre Zuneigung oder Aufmerksamkeit diesen Tieren widmen, sind herzlich willkommen. Egal welchen Alters oder welcher Nationalit\u00e4t diese naturfreundlich gesinnten Menschen sind, die erfahren herzliche Aufnahme im Kreise Gleichgesinnter.<\/li>\n<li>Das Forum unserer Gemeinschaft ist die gezielt organisierte Spezialschau mit Bewertung durch anerkannte Fachleute, die von Anfang an aus verschiedenen europ\u00e4ischen L\u00e4ndern berufen werden. Weiterhin hat sich ein Fr\u00fchjahrs-Meeting zum Erfahrungsaustausch und notwendiger Regularen bew\u00e4hrt.<\/li>\n<li>Das Einzeltier als Verk\u00f6rperung des Rassenideals steht im Mittelpunkt, so wie es in der gesamten Tierzucht praktiziert wird. Rassensieger hei\u00dft der jeweilige CHAMPION, unter denen schlie\u00dflich noch der BOS = Best of Show gek\u00fcrt wird vom gesamten Richterteam. Diese Bewertungsart, zum Wohle der Tiere stets nur an einem EINZIGEN Tag, dem Samstag get\u00e4tigt, gew\u00e4hrt auch gen\u00fcgend Zeit zum Fachgespr\u00e4ch der Besucher und Aussteller. Die IG will in diesem Punkt Vorbild sein!<\/li>\n<li>Die z\u00fcchterische Entwicklung der betreuten Rassen und die damit verbundene Mitarbeit bei der TK in Form von Zuarbeitung, auch f\u00fcr die COM, wird ebenso ernst genommen wie die seri\u00f6se \u00d6ffentlichkeitsarbeit und Werbung f\u00fcr die Rassen. Der oft geh\u00f6rte Hinweis, die Rheinl\u00e4nder-Rasse sei gar kein Figurenkanari, ist ebenso richtig wie f\u00fcr uns kein Hinderungsgrund, sie dennoch zu betreuen, warum? \u2013 sage ich im 5. Leitsatz.<\/li>\n<li>Unsere IG sieht sich als Sammelbecken f\u00fcr Erfahrung und Wissen auf diesem Spezialbereich der Kanarienkunde. Wir sind alle begeistert, doch Begeisterung braucht die Gemeinschaft und der gekonnte Umgang mit einer Tierrasse braucht die praktische Anleitung der Erfahrung. Deshalb gelten unsere Liebe und die praktische Zuchtarbeit auch der Rheinl\u00e4nder-Rasse, zu deren Ahnen der Hoso-Vogel als Figurenkanarienvogel geh\u00f6rt und dessen Sch\u00f6pfer Zfrd. Horst Noffke bei und eine Heimstatt suchte. Der Erfolg gibt und recht!<\/li>\n<\/ol>\n<div>Wir f\u00fchlen uns wohl in der AZ, VZE, im DKB und ebenso in gleichgesinnten Vereinigungen.<\/div>\n<div><\/div>\n<div>WILFRIED WULF<br \/>\nEhrenvorsitzender<\/div>\n<\/div>\n","protected":false},"excerpt":{"rendered":"<p>Grundsatz: Der enorme Anstieg der Artenzahl, sowie die gewachsene Vielfalt an Rassen und Schl\u00e4gen der in Menschenobhut lebenden V\u00f6gel, gebietet eine interessierte und stets neugierige Hinwendung um erw\u00e4hlten Vogelgesch\u00f6pf \u2013 verbunden mit einer moralisch-ethisch begr\u00fcndeten Pflicht zum Wohlergehen des Tieres in gezielter Blickrichtung seiner Zucht; das hei\u00dft gesunde Vitalit\u00e4t in fortlaufender Generationenfolge. Das Fachwort hei\u00dft: Lenkung der Keimbahn in Zielrichtung<\/p>\n","protected":false},"author":1,"featured_media":0,"parent":0,"menu_order":0,"comment_status":"closed","ping_status":"closed","template":"","meta":{"footnotes":""},"class_list":["post-76","page","type-page","status-publish","hentry"],"_links":{"self":[{"href":"https:\/\/wp2017.gebogene-kanarienrassen.de\/index.php?rest_route=\/wp\/v2\/pages\/76","targetHints":{"allow":["GET"]}}],"collection":[{"href":"https:\/\/wp2017.gebogene-kanarienrassen.de\/index.php?rest_route=\/wp\/v2\/pages"}],"about":[{"href":"https:\/\/wp2017.gebogene-kanarienrassen.de\/index.php?rest_route=\/wp\/v2\/types\/page"}],"author":[{"embeddable":true,"href":"https:\/\/wp2017.gebogene-kanarienrassen.de\/index.php?rest_route=\/wp\/v2\/users\/1"}],"replies":[{"embeddable":true,"href":"https:\/\/wp2017.gebogene-kanarienrassen.de\/index.php?rest_route=%2Fwp%2Fv2%2Fcomments&post=76"}],"version-history":[{"count":5,"href":"https:\/\/wp2017.gebogene-kanarienrassen.de\/index.php?rest_route=\/wp\/v2\/pages\/76\/revisions"}],"predecessor-version":[{"id":510,"href":"https:\/\/wp2017.gebogene-kanarienrassen.de\/index.php?rest_route=\/wp\/v2\/pages\/76\/revisions\/510"}],"wp:attachment":[{"href":"https:\/\/wp2017.gebogene-kanarienrassen.de\/index.php?rest_route=%2Fwp%2Fv2%2Fmedia&parent=76"}],"curies":[{"name":"wp","href":"https:\/\/api.w.org\/{rel}","templated":true}]}}