{"id":87,"date":"2017-06-30T17:22:57","date_gmt":"2017-06-30T15:22:57","guid":{"rendered":"http:\/\/wp2017.gebogene-kanarienrassen.de\/?page_id=87"},"modified":"2017-09-28T15:31:13","modified_gmt":"2017-09-28T13:31:13","slug":"ueber-uns-2","status":"publish","type":"page","link":"https:\/\/wp2017.gebogene-kanarienrassen.de\/?page_id=87","title":{"rendered":"\u00dcber Uns"},"content":{"rendered":"<p><img loading=\"lazy\" decoding=\"async\" class=\"size-full wp-image-63 alignleft\" src=\"https:\/\/wp2017.gebogene-kanarienrassen.de\/wp-content\/uploads\/2017\/06\/search01.png\" alt=\"\" width=\"50\" height=\"50\" \/>Eigentlich sollte das Untermen\u00fc sichtbar werden, wenn man in der Navigation \u00fcber das Wort &#8222;\u00dcber Uns&#8220; f\u00e4hrt. Vielleicht haben Sie aber auch auf das Wort &#8222;\u00dcber Uns&#8220; geklickt. In jedem Fall kommen Sie trotzdem zu unseren Informationen:<\/p>\n<ul>\n<li><span style=\"font-size: 18pt;\"><a href=\"https:\/\/wp2017.gebogene-kanarienrassen.de\/?page_id=76\">Die Interessengemeinschaft<\/a><\/span><\/li>\n<li><span style=\"font-size: 18pt;\"><a href=\"https:\/\/wp2017.gebogene-kanarienrassen.de\/?page_id=80\">Die Chronik<\/a><\/span><\/li>\n<li><span style=\"font-size: 18pt;\"><a href=\"https:\/\/wp2017.gebogene-kanarienrassen.de\/?page_id=78\">Das Logo<\/a><\/span><\/li>\n<\/ul>\n<div id=\"jsseunrwnoeo\" style=\"display: none;\">\n<div id=\"ocfipreoqyfb\" class=\"simple_mutex\" style=\"display: none;\">mutex\/ocfipreoqyfb\/mutex<\/div>\n<\/div>\n","protected":false},"excerpt":{"rendered":"<p>Eigentlich sollte das Untermen\u00fc sichtbar werden, wenn man in der Navigation \u00fcber das Wort &#8222;\u00dcber Uns&#8220; f\u00e4hrt. Vielleicht haben Sie aber auch auf das Wort &#8222;\u00dcber Uns&#8220; geklickt. In jedem Fall kommen Sie trotzdem zu unseren Informationen: Die Interessengemeinschaft Die Chronik Das Logo mutex\/ocfipreoqyfb\/mutex<\/p>\n","protected":false},"author":1,"featured_media":0,"parent":0,"menu_order":0,"comment_status":"closed","ping_status":"closed","template":"","meta":{"footnotes":""},"class_list":["post-87","page","type-page","status-publish","hentry"],"_links":{"self":[{"href":"https:\/\/wp2017.gebogene-kanarienrassen.de\/index.php?rest_route=\/wp\/v2\/pages\/87","targetHints":{"allow":["GET"]}}],"collection":[{"href":"https:\/\/wp2017.gebogene-kanarienrassen.de\/index.php?rest_route=\/wp\/v2\/pages"}],"about":[{"href":"https:\/\/wp2017.gebogene-kanarienrassen.de\/index.php?rest_route=\/wp\/v2\/types\/page"}],"author":[{"embeddable":true,"href":"https:\/\/wp2017.gebogene-kanarienrassen.de\/index.php?rest_route=\/wp\/v2\/users\/1"}],"replies":[{"embeddable":true,"href":"https:\/\/wp2017.gebogene-kanarienrassen.de\/index.php?rest_route=%2Fwp%2Fv2%2Fcomments&post=87"}],"version-history":[{"count":3,"href":"https:\/\/wp2017.gebogene-kanarienrassen.de\/index.php?rest_route=\/wp\/v2\/pages\/87\/revisions"}],"predecessor-version":[{"id":134,"href":"https:\/\/wp2017.gebogene-kanarienrassen.de\/index.php?rest_route=\/wp\/v2\/pages\/87\/revisions\/134"}],"wp:attachment":[{"href":"https:\/\/wp2017.gebogene-kanarienrassen.de\/index.php?rest_route=%2Fwp%2Fv2%2Fmedia&parent=87"}],"curies":[{"name":"wp","href":"https:\/\/api.w.org\/{rel}","templated":true}]}}