{"id":92,"date":"2017-06-30T17:26:50","date_gmt":"2017-06-30T15:26:50","guid":{"rendered":"http:\/\/wp2017.gebogene-kanarienrassen.de\/?page_id=92"},"modified":"2026-03-11T18:35:07","modified_gmt":"2026-03-11T17:35:07","slug":"mitglieder","status":"publish","type":"page","link":"https:\/\/wp2017.gebogene-kanarienrassen.de\/?page_id=92","title":{"rendered":"Mitglieder"},"content":{"rendered":"<p><b>Mitgliederliste <\/b><\/p>\n<p>Aufgrund des Datenschutzes, der bei uns einen wichtigen Stellenwert hat, werden die entsprechenden Angaben nur auf schriftlichem Antrag des Mitgliedes ver\u00f6ffentlicht. Die Liste entspricht also nicht der kompletten Mitgliedsliste des Vereins.<\/p>\n<p><strong>Wichtige Hinweise:<\/strong><\/p>\n<ul>\n<li>Aufgrund der Datenschutzvorschriften werden die entsprechenden Angaben nur auf schriftlichem Antrag des Mitgliedes an dieser Stelle ver\u00f6ffentlicht.<\/li>\n<li>Sollten registrierte Mitglieder \u00c4nderungen oder Erg\u00e4nzungen w\u00fcnschen, bitte um eine Nachricht per Mail. Wir werden Ihre W\u00fcnsche dann zeitnah erledigen.<\/li>\n<li>Der Eintrag in unser Mitgliederverzeichnis ist kostenlos.<\/li>\n<li>Einige Z\u00fcchter z\u00fcchten auch noch andere Rassen. Hier werden allerdings hier nur die &#8222;Figurenkanarien&#8220; ber\u00fccksichtigt.<\/li>\n<\/ul>\n<p>(Stand: 11.03.2026)<br \/>\nGem\u00e4\u00df \u00a7 28 BDSG widersprechen wir jeder kommerziellen Verwendung und Weitergabe aller Daten. Bei Nichteinhaltung (Stichwort: Werbeanrufe, Spam, Werbe-Emails und dergleichen!) behalten wir uns rechtliche Schritte vor.<\/p>\n<div id=\"ocfipreoqyfb\" class=\"simple_mutex\" style=\"display: none;\">mutex\/ocfipreoqyfb\/mutex<\/div>\n<p><strong>aktuelle Mitglieder\u00a0<\/strong><\/p>\n\n<table id=\"tablepress-6\" class=\"tablepress tablepress-id-6\">\n<thead>\n<tr class=\"row-1\">\n\t<th class=\"column-1\">Name<\/th><th class=\"column-2\">Anschrift<\/th><th class=\"column-3\">Telefon<\/th><th class=\"column-4\">Mail-Adresse<\/th><th class=\"column-5\">gez\u00fcchtete Rasse(n)<\/th>\n<\/tr>\n<\/thead>\n<tbody class=\"row-striping row-hover\">\n<tr class=\"row-2\">\n\t<td class=\"column-1\">Berendahls, Peter<\/td><td class=\"column-2\">Manslagter Ring 7 A<br \/>\n23736 Krummh\u00f6rn-Manslagt<\/td><td class=\"column-3\">04923 \/ 9275453<br \/>\n0175 \/ 1652022<\/td><td class=\"column-4\">peter.berendahls@ewe.net<\/td><td class=\"column-5\">Bossu Belge<br \/>\nJapan Hose<br \/>\nRheinl\u00e4nder<\/td>\n<\/tr>\n<tr class=\"row-3\">\n\t<td class=\"column-1\">Brik, Wilfried<\/td><td class=\"column-2\">Okko-ten-Broekstr. 30 c<br \/>\n26789 Leer<\/td><td class=\"column-3\">0151 \/ 67235008<\/td><td class=\"column-4\">brikwilfried@outlook.de<\/td><td class=\"column-5\">Scotch Fancy<br \/>\nBossu Belge<\/td>\n<\/tr>\n<tr class=\"row-4\">\n\t<td class=\"column-1\">B\u00f6ser, Herbert<\/td><td class=\"column-2\">Krimlingsweg 22<br \/>\n35606 Solms<\/td><td class=\"column-3\">06441 \/ 51946<\/td><td class=\"column-4\">anneleneboeser@t-online.de<\/td><td class=\"column-5\">M\u00fcnchener<\/td>\n<\/tr>\n<tr class=\"row-5\">\n\t<td class=\"column-1\">Detzel, Waldemar<\/td><td class=\"column-2\">Linden 46<br \/>\n91466 Gerhardhofen<\/td><td class=\"column-3\">09163 \/ 994329<\/td><td class=\"column-4\">malerdetzel@gmail.com<\/td><td class=\"column-5\"><\/td>\n<\/tr>\n<tr class=\"row-6\">\n\t<td class=\"column-1\">Hack, Norbert<\/td><td class=\"column-2\">Hauptstra\u00dfe 49<br \/>\n64380 Ro\u00dfdorf<\/td><td class=\"column-3\">06071 \/ 43485<\/td><td class=\"column-4\">norbert.hack@unitybox.de<\/td><td class=\"column-5\">M\u00fcnchener<br \/>\nJapan Hoso<\/td>\n<\/tr>\n<tr class=\"row-7\">\n\t<td class=\"column-1\">Harting, Hans<\/td><td class=\"column-2\">Theodor-Storm-Str. 1<br \/>\n32457 Porta Westfalica<\/td><td class=\"column-3\">0571 \/ 75598<\/td><td class=\"column-4\">ha.harting@t-online.de<\/td><td class=\"column-5\">Bossu Belge<\/td>\n<\/tr>\n<tr class=\"row-8\">\n\t<td class=\"column-1\">Herold, Thorsten<\/td><td class=\"column-2\">Dieselstr. 22 E<br \/>\n64546 M\u00f6rfelden-Walldorf<\/td><td class=\"column-3\">06105 \/ 455318<\/td><td class=\"column-4\">thorsten-herold@t-online.de<\/td><td class=\"column-5\">Japan Hoso<\/td>\n<\/tr>\n<tr class=\"row-9\">\n\t<td class=\"column-1\">Lesniak, Michael<\/td><td class=\"column-2\">Kuhlbornstr. 26<br \/>\n33184 Altenbeken<\/td><td class=\"column-3\">0160 \/ 92956000<\/td><td class=\"column-4\">lesniakmichael@aol.com<\/td><td class=\"column-5\">Rheinl\u00e4nder<\/td>\n<\/tr>\n<tr class=\"row-10\">\n\t<td class=\"column-1\">Mihr, Volker<\/td><td class=\"column-2\">Jahnstr. 18<br \/>\n34270 Schauenburg<\/td><td class=\"column-3\">05601 \/ 3925<\/td><td class=\"column-4\"><\/td><td class=\"column-5\">Scotch Fancy<br \/>\nRheinl\u00e4nder<\/td>\n<\/tr>\n<tr class=\"row-11\">\n\t<td class=\"column-1\">S\u00fchwold, Jens<\/td><td class=\"column-2\">Am Holzweg 6<br \/>\n26604 Aurich<\/td><td class=\"column-3\">04947 \/ 9170273<\/td><td class=\"column-4\">kokjens@me.com<\/td><td class=\"column-5\">Japan Hose<\/td>\n<\/tr>\n<tr class=\"row-12\">\n\t<td class=\"column-1\">S\u00fchwold, Jan<br \/>\n(Jugendaussteller)<\/td><td class=\"column-2\">Am Holzweg 6<br \/>\n26604 Aurich<\/td><td class=\"column-3\">04947 \/ 9170273<\/td><td class=\"column-4\">kokjens@me.com<\/td><td class=\"column-5\">Japan Hose<\/td>\n<\/tr>\n<tr class=\"row-13\">\n\t<td class=\"column-1\">S\u00fchwold, Thilo<br \/>\n(Jugendaussteler)<\/td><td class=\"column-2\">Am Holzweg 6<br \/>\n26604 Aurich<\/td><td class=\"column-3\">04947 \/ 9170273<\/td><td class=\"column-4\">kokjens@me.com<\/td><td class=\"column-5\">Japan Hose<\/td>\n<\/tr>\n<tr class=\"row-14\">\n\t<td class=\"column-1\">Wiemann, Claus<\/td><td class=\"column-2\">Brockweg 73 A<br \/>\n33332 G\u00fctersloh<\/td><td class=\"column-3\">01575 \/ 6397649<\/td><td class=\"column-4\">claus.wiemann@icloud.com<\/td><td class=\"column-5\">Rheinl\u00e4nder<\/td>\n<\/tr>\n<tr class=\"row-15\">\n\t<td class=\"column-1\">Wild, J\u00fcrgen<\/td><td class=\"column-2\">Schwarzer Stock 22<br \/>\n36110 Schlitz<\/td><td class=\"column-3\">06642 \/ 1896<br \/>\n0151 \/ 20717209<\/td><td class=\"column-4\">wildschlitz@t-online.de<\/td><td class=\"column-5\">Scotch Fancy<\/td>\n<\/tr>\n<\/tbody>\n<\/table>\n<!-- #tablepress-6 from cache -->\n","protected":false},"excerpt":{"rendered":"<p>Mitgliederliste Aufgrund des Datenschutzes, der bei uns einen wichtigen Stellenwert hat, werden die entsprechenden Angaben nur auf schriftlichem Antrag des Mitgliedes ver\u00f6ffentlicht. Die Liste entspricht also nicht der kompletten Mitgliedsliste des Vereins. Wichtige Hinweise: Aufgrund der Datenschutzvorschriften werden die entsprechenden Angaben nur auf schriftlichem Antrag des Mitgliedes an dieser Stelle ver\u00f6ffentlicht. Sollten registrierte Mitglieder \u00c4nderungen oder Erg\u00e4nzungen w\u00fcnschen, bitte um<\/p>\n","protected":false},"author":1,"featured_media":0,"parent":0,"menu_order":0,"comment_status":"closed","ping_status":"closed","template":"","meta":{"footnotes":""},"class_list":["post-92","page","type-page","status-publish","hentry"],"_links":{"self":[{"href":"https:\/\/wp2017.gebogene-kanarienrassen.de\/index.php?rest_route=\/wp\/v2\/pages\/92","targetHints":{"allow":["GET"]}}],"collection":[{"href":"https:\/\/wp2017.gebogene-kanarienrassen.de\/index.php?rest_route=\/wp\/v2\/pages"}],"about":[{"href":"https:\/\/wp2017.gebogene-kanarienrassen.de\/index.php?rest_route=\/wp\/v2\/types\/page"}],"author":[{"embeddable":true,"href":"https:\/\/wp2017.gebogene-kanarienrassen.de\/index.php?rest_route=\/wp\/v2\/users\/1"}],"replies":[{"embeddable":true,"href":"https:\/\/wp2017.gebogene-kanarienrassen.de\/index.php?rest_route=%2Fwp%2Fv2%2Fcomments&post=92"}],"version-history":[{"count":11,"href":"https:\/\/wp2017.gebogene-kanarienrassen.de\/index.php?rest_route=\/wp\/v2\/pages\/92\/revisions"}],"predecessor-version":[{"id":903,"href":"https:\/\/wp2017.gebogene-kanarienrassen.de\/index.php?rest_route=\/wp\/v2\/pages\/92\/revisions\/903"}],"wp:attachment":[{"href":"https:\/\/wp2017.gebogene-kanarienrassen.de\/index.php?rest_route=%2Fwp%2Fv2%2Fmedia&parent=92"}],"curies":[{"name":"wp","href":"https:\/\/api.w.org\/{rel}","templated":true}]}}